{"id":171,"date":"2026-03-26T10:32:14","date_gmt":"2026-03-26T10:32:14","guid":{"rendered":"https:\/\/paulvncw.fr\/?page_id=171"},"modified":"2026-03-29T18:17:30","modified_gmt":"2026-03-29T18:17:30","slug":"portfolio-evenementiel","status":"publish","type":"page","link":"https:\/\/paulvncw.fr\/index.php\/portfolios\/portfolio-evenementiel\/","title":{"rendered":"Portfolio \u00e9v\u00e8nementiel"},"content":{"rendered":"\n<figure class=\"wp-block-gallery has-nested-images columns-default is-cropped wp-block-gallery-1 is-layout-flex wp-block-gallery-is-layout-flex\">\n<figure class=\"wp-block-image size-large\"><img loading=\"lazy\" decoding=\"async\" width=\"1024\" height=\"681\" data-id=\"96\" src=\"https:\/\/paulvncw.fr\/wp-content\/uploads\/2026\/02\/DSC_6764-4-1024x681.jpg\" alt=\"\" class=\"wp-image-96\" srcset=\"https:\/\/paulvncw.fr\/wp-content\/uploads\/2026\/02\/DSC_6764-4-1024x681.jpg 1024w, https:\/\/paulvncw.fr\/wp-content\/uploads\/2026\/02\/DSC_6764-4-300x200.jpg 300w, https:\/\/paulvncw.fr\/wp-content\/uploads\/2026\/02\/DSC_6764-4-768x511.jpg 768w, https:\/\/paulvncw.fr\/wp-content\/uploads\/2026\/02\/DSC_6764-4-1536x1022.jpg 1536w, https:\/\/paulvncw.fr\/wp-content\/uploads\/2026\/02\/DSC_6764-4-2048x1363.jpg 2048w\" sizes=\"auto, (max-width: 767px) 89vw, (max-width: 1000px) 54vw, (max-width: 1071px) 543px, 580px\" \/><\/figure>\n\n\n\n<figure class=\"wp-block-image size-large\"><img loading=\"lazy\" decoding=\"async\" width=\"1024\" height=\"681\" data-id=\"133\" src=\"https:\/\/paulvncw.fr\/wp-content\/uploads\/2026\/03\/DSC_4940-1024x681.jpg\" alt=\"\" class=\"wp-image-133\" srcset=\"https:\/\/paulvncw.fr\/wp-content\/uploads\/2026\/03\/DSC_4940-1024x681.jpg 1024w, https:\/\/paulvncw.fr\/wp-content\/uploads\/2026\/03\/DSC_4940-300x200.jpg 300w, https:\/\/paulvncw.fr\/wp-content\/uploads\/2026\/03\/DSC_4940-768x511.jpg 768w, https:\/\/paulvncw.fr\/wp-content\/uploads\/2026\/03\/DSC_4940-1536x1022.jpg 1536w, https:\/\/paulvncw.fr\/wp-content\/uploads\/2026\/03\/DSC_4940-2048x1363.jpg 2048w\" sizes=\"auto, (max-width: 767px) 89vw, (max-width: 1000px) 54vw, (max-width: 1071px) 543px, 580px\" \/><\/figure>\n\n\n\n<figure class=\"wp-block-image size-large\"><img loading=\"lazy\" decoding=\"async\" width=\"683\" height=\"1024\" data-id=\"45\" src=\"https:\/\/paulvncw.fr\/wp-content\/uploads\/2026\/02\/DSC_2030-683x1024.jpg\" alt=\"\" class=\"wp-image-45\" srcset=\"https:\/\/paulvncw.fr\/wp-content\/uploads\/2026\/02\/DSC_2030-683x1024.jpg 683w, https:\/\/paulvncw.fr\/wp-content\/uploads\/2026\/02\/DSC_2030-200x300.jpg 200w, https:\/\/paulvncw.fr\/wp-content\/uploads\/2026\/02\/DSC_2030-768x1152.jpg 768w, https:\/\/paulvncw.fr\/wp-content\/uploads\/2026\/02\/DSC_2030-1024x1536.jpg 1024w, https:\/\/paulvncw.fr\/wp-content\/uploads\/2026\/02\/DSC_2030-1365x2048.jpg 1365w, https:\/\/paulvncw.fr\/wp-content\/uploads\/2026\/02\/DSC_2030-scaled.jpg 1707w\" sizes=\"auto, (max-width: 683px) 100vw, 683px\" \/><\/figure>\n\n\n\n<figure class=\"wp-block-image size-large\"><img loading=\"lazy\" decoding=\"async\" width=\"681\" height=\"1024\" data-id=\"205\" src=\"https:\/\/paulvncw.fr\/wp-content\/uploads\/2026\/03\/DSC_6598-681x1024.jpg\" alt=\"\" class=\"wp-image-205\" srcset=\"https:\/\/paulvncw.fr\/wp-content\/uploads\/2026\/03\/DSC_6598-681x1024.jpg 681w, https:\/\/paulvncw.fr\/wp-content\/uploads\/2026\/03\/DSC_6598-200x300.jpg 200w, https:\/\/paulvncw.fr\/wp-content\/uploads\/2026\/03\/DSC_6598-768x1154.jpg 768w, https:\/\/paulvncw.fr\/wp-content\/uploads\/2026\/03\/DSC_6598-1022x1536.jpg 1022w, https:\/\/paulvncw.fr\/wp-content\/uploads\/2026\/03\/DSC_6598-1363x2048.jpg 1363w, https:\/\/paulvncw.fr\/wp-content\/uploads\/2026\/03\/DSC_6598-scaled.jpg 1703w\" sizes=\"auto, (max-width: 681px) 100vw, 681px\" \/><\/figure>\n\n\n\n<figure class=\"wp-block-image size-large\"><img loading=\"lazy\" decoding=\"async\" width=\"1024\" height=\"681\" data-id=\"204\" src=\"https:\/\/paulvncw.fr\/wp-content\/uploads\/2026\/03\/DSC_6307-1024x681.jpg\" alt=\"\" class=\"wp-image-204\" srcset=\"https:\/\/paulvncw.fr\/wp-content\/uploads\/2026\/03\/DSC_6307-1024x681.jpg 1024w, https:\/\/paulvncw.fr\/wp-content\/uploads\/2026\/03\/DSC_6307-300x200.jpg 300w, https:\/\/paulvncw.fr\/wp-content\/uploads\/2026\/03\/DSC_6307-768x511.jpg 768w, https:\/\/paulvncw.fr\/wp-content\/uploads\/2026\/03\/DSC_6307-1536x1022.jpg 1536w, https:\/\/paulvncw.fr\/wp-content\/uploads\/2026\/03\/DSC_6307-2048x1363.jpg 2048w\" sizes=\"auto, (max-width: 767px) 89vw, (max-width: 1000px) 54vw, (max-width: 1071px) 543px, 580px\" \/><\/figure>\n\n\n\n<figure class=\"wp-block-image size-large\"><img loading=\"lazy\" decoding=\"async\" width=\"683\" height=\"1024\" data-id=\"208\" src=\"https:\/\/paulvncw.fr\/wp-content\/uploads\/2026\/03\/DSC_6344-683x1024.jpg\" alt=\"\" class=\"wp-image-208\" srcset=\"https:\/\/paulvncw.fr\/wp-content\/uploads\/2026\/03\/DSC_6344-683x1024.jpg 683w, https:\/\/paulvncw.fr\/wp-content\/uploads\/2026\/03\/DSC_6344-200x300.jpg 200w, https:\/\/paulvncw.fr\/wp-content\/uploads\/2026\/03\/DSC_6344-768x1152.jpg 768w, https:\/\/paulvncw.fr\/wp-content\/uploads\/2026\/03\/DSC_6344-1024x1536.jpg 1024w, https:\/\/paulvncw.fr\/wp-content\/uploads\/2026\/03\/DSC_6344-1365x2048.jpg 1365w, https:\/\/paulvncw.fr\/wp-content\/uploads\/2026\/03\/DSC_6344-scaled.jpg 1706w\" sizes=\"auto, (max-width: 683px) 100vw, 683px\" \/><\/figure>\n\n\n\n<figure class=\"wp-block-image size-large\"><img loading=\"lazy\" decoding=\"async\" width=\"1024\" height=\"681\" data-id=\"211\" src=\"https:\/\/paulvncw.fr\/wp-content\/uploads\/2026\/03\/DSC_4294-1024x681.jpg\" alt=\"\" class=\"wp-image-211\" srcset=\"https:\/\/paulvncw.fr\/wp-content\/uploads\/2026\/03\/DSC_4294-1024x681.jpg 1024w, https:\/\/paulvncw.fr\/wp-content\/uploads\/2026\/03\/DSC_4294-300x200.jpg 300w, https:\/\/paulvncw.fr\/wp-content\/uploads\/2026\/03\/DSC_4294-768x511.jpg 768w, https:\/\/paulvncw.fr\/wp-content\/uploads\/2026\/03\/DSC_4294-1536x1022.jpg 1536w, https:\/\/paulvncw.fr\/wp-content\/uploads\/2026\/03\/DSC_4294-2048x1363.jpg 2048w\" sizes=\"auto, (max-width: 767px) 89vw, (max-width: 1000px) 54vw, (max-width: 1071px) 543px, 580px\" \/><\/figure>\n\n\n\n<figure class=\"wp-block-image size-large\"><img loading=\"lazy\" decoding=\"async\" width=\"681\" height=\"1024\" data-id=\"209\" src=\"https:\/\/paulvncw.fr\/wp-content\/uploads\/2026\/03\/DSC_5021-681x1024.jpg\" alt=\"\" class=\"wp-image-209\" srcset=\"https:\/\/paulvncw.fr\/wp-content\/uploads\/2026\/03\/DSC_5021-681x1024.jpg 681w, https:\/\/paulvncw.fr\/wp-content\/uploads\/2026\/03\/DSC_5021-200x300.jpg 200w, https:\/\/paulvncw.fr\/wp-content\/uploads\/2026\/03\/DSC_5021-768x1154.jpg 768w, https:\/\/paulvncw.fr\/wp-content\/uploads\/2026\/03\/DSC_5021-1022x1536.jpg 1022w, https:\/\/paulvncw.fr\/wp-content\/uploads\/2026\/03\/DSC_5021-1363x2048.jpg 1363w, https:\/\/paulvncw.fr\/wp-content\/uploads\/2026\/03\/DSC_5021-scaled.jpg 1703w\" sizes=\"auto, (max-width: 681px) 100vw, 681px\" \/><\/figure>\n<figcaption class=\"blocks-gallery-caption wp-element-caption\">Festivals, soir\u00e9es et concerts (Dream Nation, RadioConfiance @ La Java, ASCENT @ Studio56, concert \u00e0 Londres &amp; soir\u00e9e afro\/hiphop @  Titi Palacio)<\/figcaption><\/figure>\n\n\n\n<figure class=\"wp-block-gallery has-nested-images columns-default is-cropped wp-block-gallery-2 is-layout-flex wp-block-gallery-is-layout-flex\">\n<figure class=\"wp-block-image size-large\"><img loading=\"lazy\" decoding=\"async\" width=\"1024\" height=\"576\" data-id=\"207\" src=\"https:\/\/paulvncw.fr\/wp-content\/uploads\/2026\/03\/DSC_5391-1024x576.jpg\" alt=\"\" class=\"wp-image-207\" srcset=\"https:\/\/paulvncw.fr\/wp-content\/uploads\/2026\/03\/DSC_5391-1024x576.jpg 1024w, https:\/\/paulvncw.fr\/wp-content\/uploads\/2026\/03\/DSC_5391-300x169.jpg 300w, https:\/\/paulvncw.fr\/wp-content\/uploads\/2026\/03\/DSC_5391-768x432.jpg 768w, https:\/\/paulvncw.fr\/wp-content\/uploads\/2026\/03\/DSC_5391-1536x864.jpg 1536w, https:\/\/paulvncw.fr\/wp-content\/uploads\/2026\/03\/DSC_5391.jpg 1920w\" sizes=\"auto, (max-width: 767px) 89vw, (max-width: 1000px) 54vw, (max-width: 1071px) 543px, 580px\" \/><\/figure>\n<figcaption class=\"blocks-gallery-caption wp-element-caption\">Focus DJ &#8211; 6MIL, Neth Party @ Titi Palacio<\/figcaption><\/figure>\n\n\n\n<figure class=\"wp-block-gallery has-nested-images columns-default is-cropped wp-block-gallery-3 is-layout-flex wp-block-gallery-is-layout-flex\">\n<figure class=\"wp-block-image size-large\"><img loading=\"lazy\" decoding=\"async\" width=\"1024\" height=\"681\" data-id=\"212\" src=\"https:\/\/paulvncw.fr\/wp-content\/uploads\/2026\/03\/DSC_3785-1024x681.jpg\" alt=\"\" class=\"wp-image-212\" srcset=\"https:\/\/paulvncw.fr\/wp-content\/uploads\/2026\/03\/DSC_3785-1024x681.jpg 1024w, https:\/\/paulvncw.fr\/wp-content\/uploads\/2026\/03\/DSC_3785-300x200.jpg 300w, https:\/\/paulvncw.fr\/wp-content\/uploads\/2026\/03\/DSC_3785-768x511.jpg 768w, https:\/\/paulvncw.fr\/wp-content\/uploads\/2026\/03\/DSC_3785-1536x1022.jpg 1536w, https:\/\/paulvncw.fr\/wp-content\/uploads\/2026\/03\/DSC_3785-2048x1363.jpg 2048w\" sizes=\"auto, (max-width: 767px) 89vw, (max-width: 1000px) 54vw, (max-width: 1071px) 543px, 580px\" \/><\/figure>\n<figcaption class=\"blocks-gallery-caption wp-element-caption\">Com\u00e9die musicale<\/figcaption><\/figure>\n\n\n\n<figure class=\"wp-block-gallery has-nested-images columns-default is-cropped wp-block-gallery-4 is-layout-flex wp-block-gallery-is-layout-flex\">\n<figure class=\"wp-block-image size-large\"><img loading=\"lazy\" decoding=\"async\" width=\"1024\" height=\"1024\" data-id=\"215\" src=\"https:\/\/paulvncw.fr\/wp-content\/uploads\/2026\/03\/DSC_5151-1024x1024.jpg\" alt=\"\" class=\"wp-image-215\" srcset=\"https:\/\/paulvncw.fr\/wp-content\/uploads\/2026\/03\/DSC_5151-1024x1024.jpg 1024w, https:\/\/paulvncw.fr\/wp-content\/uploads\/2026\/03\/DSC_5151-300x300.jpg 300w, https:\/\/paulvncw.fr\/wp-content\/uploads\/2026\/03\/DSC_5151-150x150.jpg 150w, https:\/\/paulvncw.fr\/wp-content\/uploads\/2026\/03\/DSC_5151-768x768.jpg 768w, https:\/\/paulvncw.fr\/wp-content\/uploads\/2026\/03\/DSC_5151-1536x1536.jpg 1536w, https:\/\/paulvncw.fr\/wp-content\/uploads\/2026\/03\/DSC_5151-2048x2048.jpg 2048w, https:\/\/paulvncw.fr\/wp-content\/uploads\/2026\/03\/DSC_5151-100x100.jpg 100w\" sizes=\"auto, (max-width: 767px) 89vw, (max-width: 1000px) 54vw, (max-width: 1071px) 543px, 580px\" \/><\/figure>\n\n\n\n<figure class=\"wp-block-image size-large\"><img loading=\"lazy\" decoding=\"async\" width=\"1024\" height=\"1024\" data-id=\"216\" src=\"https:\/\/paulvncw.fr\/wp-content\/uploads\/2026\/03\/DSC_4841-1024x1024.jpg\" alt=\"\" class=\"wp-image-216\" srcset=\"https:\/\/paulvncw.fr\/wp-content\/uploads\/2026\/03\/DSC_4841-1024x1024.jpg 1024w, https:\/\/paulvncw.fr\/wp-content\/uploads\/2026\/03\/DSC_4841-300x300.jpg 300w, https:\/\/paulvncw.fr\/wp-content\/uploads\/2026\/03\/DSC_4841-150x150.jpg 150w, https:\/\/paulvncw.fr\/wp-content\/uploads\/2026\/03\/DSC_4841-768x768.jpg 768w, https:\/\/paulvncw.fr\/wp-content\/uploads\/2026\/03\/DSC_4841-1536x1536.jpg 1536w, https:\/\/paulvncw.fr\/wp-content\/uploads\/2026\/03\/DSC_4841-2048x2048.jpg 2048w, https:\/\/paulvncw.fr\/wp-content\/uploads\/2026\/03\/DSC_4841-100x100.jpg 100w\" sizes=\"auto, (max-width: 767px) 89vw, (max-width: 1000px) 54vw, (max-width: 1071px) 543px, 580px\" \/><\/figure>\n\n\n\n<figure class=\"wp-block-image size-large\"><img loading=\"lazy\" decoding=\"async\" width=\"681\" height=\"1024\" data-id=\"214\" src=\"https:\/\/paulvncw.fr\/wp-content\/uploads\/2026\/03\/DSC_3988-681x1024.jpg\" alt=\"\" class=\"wp-image-214\" srcset=\"https:\/\/paulvncw.fr\/wp-content\/uploads\/2026\/03\/DSC_3988-681x1024.jpg 681w, https:\/\/paulvncw.fr\/wp-content\/uploads\/2026\/03\/DSC_3988-200x300.jpg 200w, https:\/\/paulvncw.fr\/wp-content\/uploads\/2026\/03\/DSC_3988-768x1154.jpg 768w, https:\/\/paulvncw.fr\/wp-content\/uploads\/2026\/03\/DSC_3988-1022x1536.jpg 1022w, https:\/\/paulvncw.fr\/wp-content\/uploads\/2026\/03\/DSC_3988-1363x2048.jpg 1363w, https:\/\/paulvncw.fr\/wp-content\/uploads\/2026\/03\/DSC_3988-scaled.jpg 1703w\" sizes=\"auto, (max-width: 681px) 100vw, 681px\" \/><\/figure>\n<figcaption class=\"blocks-gallery-caption wp-element-caption\">Com\u00e9die musicale &#8211; L&#8217;Ange Perdu (associuation La Dame de Ch\u0153ur)<\/figcaption><\/figure>\n\n\n\n<figure class=\"wp-block-gallery has-nested-images columns-default is-cropped wp-block-gallery-5 is-layout-flex wp-block-gallery-is-layout-flex\">\n<figure class=\"wp-block-image size-large\"><img loading=\"lazy\" decoding=\"async\" width=\"1024\" height=\"683\" data-id=\"220\" src=\"https:\/\/paulvncw.fr\/wp-content\/uploads\/2026\/03\/DSC_2037-1024x683.jpg\" alt=\"\" class=\"wp-image-220\" srcset=\"https:\/\/paulvncw.fr\/wp-content\/uploads\/2026\/03\/DSC_2037-1024x683.jpg 1024w, https:\/\/paulvncw.fr\/wp-content\/uploads\/2026\/03\/DSC_2037-300x200.jpg 300w, https:\/\/paulvncw.fr\/wp-content\/uploads\/2026\/03\/DSC_2037-768x512.jpg 768w, https:\/\/paulvncw.fr\/wp-content\/uploads\/2026\/03\/DSC_2037-1536x1024.jpg 1536w, https:\/\/paulvncw.fr\/wp-content\/uploads\/2026\/03\/DSC_2037-2048x1365.jpg 2048w\" sizes=\"auto, (max-width: 767px) 89vw, (max-width: 1000px) 54vw, (max-width: 1071px) 543px, 580px\" \/><\/figure>\n<figcaption class=\"blocks-gallery-caption wp-element-caption\">Soir\u00e9e house (collectif: Radio Confiance) &#8211; La Java <\/figcaption><\/figure>\n\n\n\n<figure class=\"wp-block-gallery has-nested-images columns-default is-cropped wp-block-gallery-6 is-layout-flex wp-block-gallery-is-layout-flex\">\n<figure class=\"wp-block-image size-large\"><img loading=\"lazy\" decoding=\"async\" width=\"681\" height=\"1024\" data-id=\"222\" src=\"https:\/\/paulvncw.fr\/wp-content\/uploads\/2026\/03\/DSC_8732-681x1024.jpg\" alt=\"\" class=\"wp-image-222\" srcset=\"https:\/\/paulvncw.fr\/wp-content\/uploads\/2026\/03\/DSC_8732-681x1024.jpg 681w, https:\/\/paulvncw.fr\/wp-content\/uploads\/2026\/03\/DSC_8732-200x300.jpg 200w, https:\/\/paulvncw.fr\/wp-content\/uploads\/2026\/03\/DSC_8732-768x1154.jpg 768w, https:\/\/paulvncw.fr\/wp-content\/uploads\/2026\/03\/DSC_8732-1022x1536.jpg 1022w, https:\/\/paulvncw.fr\/wp-content\/uploads\/2026\/03\/DSC_8732-1363x2048.jpg 1363w, https:\/\/paulvncw.fr\/wp-content\/uploads\/2026\/03\/DSC_8732-scaled.jpg 1703w\" sizes=\"auto, (max-width: 681px) 100vw, 681px\" \/><\/figure>\n\n\n\n<figure class=\"wp-block-image size-large\"><img loading=\"lazy\" decoding=\"async\" width=\"681\" height=\"1024\" data-id=\"223\" src=\"https:\/\/paulvncw.fr\/wp-content\/uploads\/2026\/03\/DSC_9165-681x1024.jpg\" alt=\"\" class=\"wp-image-223\" srcset=\"https:\/\/paulvncw.fr\/wp-content\/uploads\/2026\/03\/DSC_9165-681x1024.jpg 681w, https:\/\/paulvncw.fr\/wp-content\/uploads\/2026\/03\/DSC_9165-200x300.jpg 200w, https:\/\/paulvncw.fr\/wp-content\/uploads\/2026\/03\/DSC_9165-768x1154.jpg 768w, https:\/\/paulvncw.fr\/wp-content\/uploads\/2026\/03\/DSC_9165-1022x1536.jpg 1022w, https:\/\/paulvncw.fr\/wp-content\/uploads\/2026\/03\/DSC_9165-1363x2048.jpg 1363w, https:\/\/paulvncw.fr\/wp-content\/uploads\/2026\/03\/DSC_9165-scaled.jpg 1703w\" sizes=\"auto, (max-width: 681px) 100vw, 681px\" \/><\/figure>\n<figcaption class=\"blocks-gallery-caption wp-element-caption\">Soir\u00e9e \u00e9tudiante &#8211; T\u00e9l\u00e9com SudParis<\/figcaption><\/figure>\n\n\n\n<figure class=\"wp-block-gallery has-nested-images columns-default is-cropped wp-block-gallery-7 is-layout-flex wp-block-gallery-is-layout-flex\">\n<figure class=\"wp-block-image size-large\"><img loading=\"lazy\" decoding=\"async\" width=\"1024\" height=\"681\" data-id=\"229\" src=\"https:\/\/paulvncw.fr\/wp-content\/uploads\/2026\/03\/DSC_3585-1024x681.jpg\" alt=\"\" class=\"wp-image-229\" srcset=\"https:\/\/paulvncw.fr\/wp-content\/uploads\/2026\/03\/DSC_3585-1024x681.jpg 1024w, https:\/\/paulvncw.fr\/wp-content\/uploads\/2026\/03\/DSC_3585-300x200.jpg 300w, https:\/\/paulvncw.fr\/wp-content\/uploads\/2026\/03\/DSC_3585-768x511.jpg 768w, https:\/\/paulvncw.fr\/wp-content\/uploads\/2026\/03\/DSC_3585-1536x1022.jpg 1536w, https:\/\/paulvncw.fr\/wp-content\/uploads\/2026\/03\/DSC_3585-2048x1363.jpg 2048w\" sizes=\"auto, (max-width: 767px) 89vw, (max-width: 1000px) 54vw, (max-width: 1071px) 543px, 580px\" \/><\/figure>\n\n\n\n<figure class=\"wp-block-image size-large\"><img loading=\"lazy\" decoding=\"async\" width=\"1024\" height=\"683\" data-id=\"227\" src=\"https:\/\/paulvncw.fr\/wp-content\/uploads\/2026\/03\/DSC_4092-1024x683.jpg\" alt=\"\" class=\"wp-image-227\" srcset=\"https:\/\/paulvncw.fr\/wp-content\/uploads\/2026\/03\/DSC_4092-1024x683.jpg 1024w, https:\/\/paulvncw.fr\/wp-content\/uploads\/2026\/03\/DSC_4092-300x200.jpg 300w, https:\/\/paulvncw.fr\/wp-content\/uploads\/2026\/03\/DSC_4092-768x512.jpg 768w, https:\/\/paulvncw.fr\/wp-content\/uploads\/2026\/03\/DSC_4092-1536x1024.jpg 1536w, https:\/\/paulvncw.fr\/wp-content\/uploads\/2026\/03\/DSC_4092-2048x1366.jpg 2048w\" sizes=\"auto, (max-width: 767px) 89vw, (max-width: 1000px) 54vw, (max-width: 1071px) 543px, 580px\" \/><\/figure>\n<figcaption class=\"blocks-gallery-caption wp-element-caption\">Dream Nation<\/figcaption><\/figure>\n\n\n\n<figure class=\"wp-block-gallery has-nested-images columns-default is-cropped wp-block-gallery-8 is-layout-flex wp-block-gallery-is-layout-flex\">\n<figure class=\"wp-block-image size-large\"><img loading=\"lazy\" decoding=\"async\" width=\"1024\" height=\"681\" data-id=\"228\" src=\"https:\/\/paulvncw.fr\/wp-content\/uploads\/2026\/03\/DSC_3699-1024x681.jpg\" alt=\"\" class=\"wp-image-228\" srcset=\"https:\/\/paulvncw.fr\/wp-content\/uploads\/2026\/03\/DSC_3699-1024x681.jpg 1024w, https:\/\/paulvncw.fr\/wp-content\/uploads\/2026\/03\/DSC_3699-300x200.jpg 300w, https:\/\/paulvncw.fr\/wp-content\/uploads\/2026\/03\/DSC_3699-768x511.jpg 768w, https:\/\/paulvncw.fr\/wp-content\/uploads\/2026\/03\/DSC_3699-1536x1022.jpg 1536w, https:\/\/paulvncw.fr\/wp-content\/uploads\/2026\/03\/DSC_3699-2048x1363.jpg 2048w\" sizes=\"auto, (max-width: 767px) 89vw, (max-width: 1000px) 54vw, (max-width: 1071px) 543px, 580px\" \/><\/figure>\n<figcaption class=\"blocks-gallery-caption wp-element-caption\">Dream Nation<\/figcaption><\/figure>\n\n\n\n<p><\/p>\n","protected":false},"excerpt":{"rendered":"","protected":false},"author":1,"featured_media":0,"parent":132,"menu_order":0,"comment_status":"closed","ping_status":"closed","template":"","meta":{"footnotes":""},"class_list":["post-171","page","type-page","status-publish","hentry"],"_links":{"self":[{"href":"https:\/\/paulvncw.fr\/index.php\/wp-json\/wp\/v2\/pages\/171","targetHints":{"allow":["GET"]}}],"collection":[{"href":"https:\/\/paulvncw.fr\/index.php\/wp-json\/wp\/v2\/pages"}],"about":[{"href":"https:\/\/paulvncw.fr\/index.php\/wp-json\/wp\/v2\/types\/page"}],"author":[{"embeddable":true,"href":"https:\/\/paulvncw.fr\/index.php\/wp-json\/wp\/v2\/users\/1"}],"replies":[{"embeddable":true,"href":"https:\/\/paulvncw.fr\/index.php\/wp-json\/wp\/v2\/comments?post=171"}],"version-history":[{"count":6,"href":"https:\/\/paulvncw.fr\/index.php\/wp-json\/wp\/v2\/pages\/171\/revisions"}],"predecessor-version":[{"id":230,"href":"https:\/\/paulvncw.fr\/index.php\/wp-json\/wp\/v2\/pages\/171\/revisions\/230"}],"up":[{"embeddable":true,"href":"https:\/\/paulvncw.fr\/index.php\/wp-json\/wp\/v2\/pages\/132"}],"wp:attachment":[{"href":"https:\/\/paulvncw.fr\/index.php\/wp-json\/wp\/v2\/media?parent=171"}],"curies":[{"name":"wp","href":"https:\/\/api.w.org\/{rel}","templated":true}]}}