{"id":9,"date":"2026-02-08T22:48:13","date_gmt":"2026-02-08T22:48:13","guid":{"rendered":"http:\/\/paulvncw.fr\/?page_id=9"},"modified":"2026-02-09T02:54:54","modified_gmt":"2026-02-09T02:54:54","slug":"home","status":"publish","type":"page","link":"https:\/\/paulvncw.fr\/","title":{"rendered":"La photographie, une passion"},"content":{"rendered":"\n<p>J&#8217;ai d\u00e9couvert la photographie assez jeune, mais ce n&#8217;est que pendant mes \u00e9tudes sup\u00e9rieures que j&#8217;y ai r\u00e9ellement pris go\u00fbt. J&#8217;ai pu utiliser du mat\u00e9riel professionnel gr\u00e2ce \u00e0 une association \u00e9tudiante, et cela m&#8217;a pouss\u00e9 \u00e0 investir dans mon propre mat\u00e9riel.<br>Je suis un photographe mobile, je pr\u00e9f\u00e8re le point de vue libre aux stands photos car cela place vraiment la photo dans le moment. <\/p>\n\n\n\n<p><\/p>\n","protected":false},"excerpt":{"rendered":"<p>J&#8217;ai d\u00e9couvert la photographie assez jeune, mais ce n&#8217;est que pendant mes \u00e9tudes sup\u00e9rieures que j&#8217;y ai r\u00e9ellement pris go\u00fbt. J&#8217;ai pu utiliser du mat\u00e9riel professionnel gr\u00e2ce \u00e0 une association \u00e9tudiante, et cela m&#8217;a pouss\u00e9 \u00e0 investir dans mon propre mat\u00e9riel.Je suis un photographe mobile, je pr\u00e9f\u00e8re le point de vue libre aux stands photos &hellip; <\/p>\n<p class=\"link-more\"><a href=\"https:\/\/paulvncw.fr\/\" class=\"more-link\">Continue reading<span class=\"screen-reader-text\"> &#8220;La photographie, une passion&#8221;<\/span><\/a><\/p>\n","protected":false},"author":1,"featured_media":113,"parent":0,"menu_order":0,"comment_status":"closed","ping_status":"closed","template":"","meta":{"footnotes":""},"class_list":["post-9","page","type-page","status-publish","has-post-thumbnail","hentry"],"_links":{"self":[{"href":"https:\/\/paulvncw.fr\/index.php\/wp-json\/wp\/v2\/pages\/9","targetHints":{"allow":["GET"]}}],"collection":[{"href":"https:\/\/paulvncw.fr\/index.php\/wp-json\/wp\/v2\/pages"}],"about":[{"href":"https:\/\/paulvncw.fr\/index.php\/wp-json\/wp\/v2\/types\/page"}],"author":[{"embeddable":true,"href":"https:\/\/paulvncw.fr\/index.php\/wp-json\/wp\/v2\/users\/1"}],"replies":[{"embeddable":true,"href":"https:\/\/paulvncw.fr\/index.php\/wp-json\/wp\/v2\/comments?post=9"}],"version-history":[{"count":8,"href":"https:\/\/paulvncw.fr\/index.php\/wp-json\/wp\/v2\/pages\/9\/revisions"}],"predecessor-version":[{"id":106,"href":"https:\/\/paulvncw.fr\/index.php\/wp-json\/wp\/v2\/pages\/9\/revisions\/106"}],"wp:featuredmedia":[{"embeddable":true,"href":"https:\/\/paulvncw.fr\/index.php\/wp-json\/wp\/v2\/media\/113"}],"wp:attachment":[{"href":"https:\/\/paulvncw.fr\/index.php\/wp-json\/wp\/v2\/media?parent=9"}],"curies":[{"name":"wp","href":"https:\/\/api.w.org\/{rel}","templated":true}]}}